{"id":7820,"date":"2025-10-23T15:55:00","date_gmt":"2025-10-23T15:55:00","guid":{"rendered":"https:\/\/oromapas.municipiodelnayar.gob.mx\/?page_id=7820"},"modified":"2026-02-04T20:01:17","modified_gmt":"2026-02-04T20:01:17","slug":"fraccion-viii-remuneracion-de-servidores-publicos","status":"publish","type":"page","link":"https:\/\/oromapas.municipiodelnayar.gob.mx\/?page_id=7820","title":{"rendered":"Fracci\u00f3n VIII Remuneraci\u00f3n de Servidores P\u00fablicos"},"content":{"rendered":"<p><div class=\"fusion-fullwidth fullwidth-box fusion-builder-row-1 fusion-flex-container nonhundred-percent-fullwidth non-hundred-percent-height-scrolling\" style=\"background-color: #ffffff;background-position: center center;background-repeat: no-repeat;border-width: 0px 0px 0px 0px;border-color:#eae9e9;border-style:solid;\" ><div class=\"fusion-builder-row fusion-row fusion-flex-align-items-flex-start\" style=\"max-width:1216.8px;margin-left: calc(-4% \/ 2 );margin-right: calc(-4% \/ 2 );\"><div class=\"fusion-layout-column fusion_builder_column fusion-builder-column-0 fusion_builder_column_1_3 1_3 fusion-flex-column\"><div class=\"fusion-column-wrapper fusion-flex-justify-content-flex-start fusion-content-layout-column\" style=\"background-position:left top;background-repeat:no-repeat;-webkit-background-size:cover;-moz-background-size:cover;-o-background-size:cover;background-size:cover;padding: 0px 0px 0px 0px;\"><img decoding=\"async\" src=\"https:\/\/oromapas.municipiodelnayar.gob.mx\/wp-content\/uploads\/2025\/09\/LOGO-OROMAPAS_copia-removebg-preview.png\" alt=\"Descargar\" width=\"400\" height=\"40\"><\/div><\/div><style type=\"text\/css\">.fusion-body .fusion-builder-column-0{width:33.333333333333% !important;margin-top : 0px;margin-bottom : 0px;}.fusion-builder-column-0 > .fusion-column-wrapper {padding-top : 0px !important;padding-right : 0px !important;margin-right : 5.76%;padding-bottom : 0px !important;padding-left : 0px !important;margin-left : 5.76%;}@media only screen and (max-width:1024px) {.fusion-body .fusion-builder-column-0{width:100% !important;order : 0;}.fusion-builder-column-0 > .fusion-column-wrapper {margin-right : 1.92%;margin-left : 1.92%;}}@media only screen and (max-width:640px) {.fusion-body .fusion-builder-column-0{width:100% !important;order : 0;}.fusion-builder-column-0 > .fusion-column-wrapper {margin-right : 1.92%;margin-left : 1.92%;}}<\/style><div class=\"fusion-layout-column fusion_builder_column fusion-builder-column-1 fusion_builder_column_2_3 2_3 fusion-flex-column\"><div class=\"fusion-column-wrapper fusion-flex-justify-content-flex-start fusion-content-layout-column\" style=\"background-position:left top;background-repeat:no-repeat;-webkit-background-size:cover;-moz-background-size:cover;-o-background-size:cover;background-size:cover;padding: 0px 0px 0px 0px;\"><div class=\"fusion-text fusion-text-1\" style=\"transform:translate3d(0,0,0);\"><p style=\"text-align: justify;\"><strong><span style=\"color: #000000; font-size: 18px; line-height: 1.2;\">La remuneraci\u00f3n bruta y neta de todos los Servidores P\u00fablicos de base o de confianza, de todas las percepciones, incluyendo sueldos, prestaciones, gratificaciones, primas, comisiones, dietas, bonos, est\u00edmulos, ingresos y sistemas de compensaci\u00f3n, se\u00f1alando la periodicidad de dicha remuneraci\u00f3n<\/span><\/strong><\/p>\n<\/div><\/div><\/div><style type=\"text\/css\">.fusion-body .fusion-builder-column-1{width:66.666666666667% !important;margin-top : 0px;margin-bottom : 0px;}.fusion-builder-column-1 > .fusion-column-wrapper {padding-top : 0px !important;padding-right : 0px !important;margin-right : 2.88%;padding-bottom : 0px !important;padding-left : 0px !important;margin-left : 2.88%;}@media only screen and (max-width:1024px) {.fusion-body .fusion-builder-column-1{width:100% !important;order : 0;}.fusion-builder-column-1 > .fusion-column-wrapper {margin-right : 1.92%;margin-left : 1.92%;}}@media only screen and (max-width:640px) {.fusion-body .fusion-builder-column-1{width:100% !important;order : 0;}.fusion-builder-column-1 > .fusion-column-wrapper {margin-right : 1.92%;margin-left : 1.92%;}}<\/style><\/div><style type=\"text\/css\">.fusion-body .fusion-flex-container.fusion-builder-row-1{ padding-top : 0px;margin-top : 0px;padding-right : 0px;padding-bottom : 0px;margin-bottom : 0px;padding-left : 0px;}<\/style><\/div><div class=\"fusion-fullwidth fullwidth-box fusion-builder-row-2 fusion-flex-container nonhundred-percent-fullwidth non-hundred-percent-height-scrolling\" style=\"background-color: #ffffff;background-position: center center;background-repeat: no-repeat;border-width: 0px 0px 0px 0px;border-color:#eae9e9;border-style:solid;\" ><div class=\"fusion-builder-row fusion-row fusion-flex-align-items-flex-start\" style=\"max-width:1216.8px;margin-left: calc(-4% \/ 2 );margin-right: calc(-4% \/ 2 );\"><div class=\"fusion-layout-column fusion_builder_column fusion-builder-column-2 fusion_builder_column_1_1 1_1 fusion-flex-column\"><div class=\"fusion-column-wrapper fusion-flex-justify-content-flex-start fusion-content-layout-column\" style=\"background-position:left top;background-repeat:no-repeat;-webkit-background-size:cover;-moz-background-size:cover;-o-background-size:cover;background-size:cover;padding: 0px 0px 0px 0px;\"><div class=\"tabla-elegante\">\n  <table>\n    <thead>\n      <tr>\n        <th>Nombre<\/th>\n        <th>Periodo<\/th>\n        <th>Descarga Formato<\/th>\n      <\/tr>\n    <\/thead>\n    <tbody>\n\n<td colspan=\"3\">Ejercicio 2024<\/td>\n\n    \n      <tr><td>Remuneraci\u00f3n Bruta y Neta<\/td><td>Primer Trimestre<\/td><td><a href=\"https:\/\/oromapas.municipiodelnayar.gob.mx\/wp-content\/uploads\/2024\/05\/LTAIPEN_Art_33_Fr_VIII-1.xlsx\" target=\"_blank\"><img decoding=\"async\" src=\"https:\/\/oromapas.municipiodelnayar.gob.mx\/wp-content\/uploads\/2025\/09\/Logo_Excel_descargando-removebg-preview.png\" alt=\"Descargar\" width=\"40\" height=\"40\"><\/a><\/td><\/tr>\n      <tr><td>Tabulador de Sueldos y Salarios<\/td><td>Primer Trimestre<\/td><td><a href=\"https:\/\/oromapas.municipiodelnayar.gob.mx\/wp-content\/uploads\/2024\/05\/LTAIPEN_ART_33_Fr_VIII_B.xlsx\" target=\"_blank\"><img decoding=\"async\" src=\"https:\/\/oromapas.municipiodelnayar.gob.mx\/wp-content\/uploads\/2025\/09\/Logo_Excel_descargando-removebg-preview.png\" alt=\"Descargar\" width=\"40\" height=\"40\"><\/td><\/tr>\n      <tr><td>Remuneraci\u00f3n Bruta y Neta<\/td><td>Segundo Trimestre<\/td><td><a href=\"https:\/\/oromapas.municipiodelnayar.gob.mx\/wp-content\/uploads\/2024\/08\/LTAIPEN_Art_33_Fr_VIII-1.xlsx\"><img decoding=\"async\" src=\"https:\/\/oromapas.municipiodelnayar.gob.mx\/wp-content\/uploads\/2025\/09\/Logo_Excel_descargando-removebg-preview.png\" alt=\"Descargar\" width=\"40\" height=\"40\"><\/a><\/td><\/tr>\n      <tr><td>Tabulador de Sueldos y Salarios<\/td><td>Segundo Trimestre<\/td><td><a href=\"https:\/\/oromapas.municipiodelnayar.gob.mx\/wp-content\/uploads\/2024\/08\/LTAIPEN_ART_33_Fr_VIII_B.xlsx\" target=\"_blank\"><img decoding=\"async\" src=\"https:\/\/oromapas.municipiodelnayar.gob.mx\/wp-content\/uploads\/2025\/09\/Logo_Excel_descargando-removebg-preview.png\" alt=\"Descargar\" width=\"40\" height=\"40\"><\/a><\/td><\/tr>\n      <tr>\n <tr><td>Remuneraci\u00f3n Bruta y Neta<\/td><td>Tercer Trimestre<\/td><td><a href=\"https:\/\/oromapas.municipiodelnayar.gob.mx\/wp-content\/uploads\/2024\/12\/LTAIPEN_Art_33_Fr_VIII.xlsx\" target=\"_blank\"><img decoding=\"async\" src=\"https:\/\/oromapas.municipiodelnayar.gob.mx\/wp-content\/uploads\/2025\/09\/Logo_Excel_descargando-removebg-preview.png\" alt=\"Descargar\" width=\"40\" height=\"40\"><\/a><\/td><\/tr>\n      <tr><td>Tabulador de Sueldos y Salarios<\/td><td>Tercer Trimestre<\/td><td><a href=\"https:\/\/oromapas.municipiodelnayar.gob.mx\/wp-content\/uploads\/2025\/08\/2doTrimestre2025\/8%20FRACCION%20-%20VIII_B.xlsx\" target=\"_blank\"><img decoding=\"async\" src=\"https:\/\/oromapas.municipiodelnayar.gob.mx\/wp-content\/uploads\/2025\/09\/Logo_Excel_descargando-removebg-preview.png\" alt=\"Descargar\" width=\"40\" height=\"40\"><\/td><\/tr>\n      <tr><td>Remuneraci\u00f3n Bruta y Neta<\/td><td>Cuarto Trimestre<\/td><td><a href=\"https:\/\/oromapas.municipiodelnayar.gob.mx\/wp-content\/uploads\/2025\/08\/2doTrimestre2025\/8%20FRACCION%20-%20VIII_B.xlsx\" target=\"_blank\"><img decoding=\"async\" src=\"https:\/\/oromapas.municipiodelnayar.gob.mx\/wp-content\/uploads\/2025\/09\/Logo_Excel_descargando-removebg-preview.png\" alt=\"Descargar\" width=\"40\" height=\"40\"><\/a><\/td><\/tr>\n      <tr><td>Tabulador de Sueldos y Salarios<\/td><td>Cuarto Trimestre<\/td><td><a href=\"https:\/\/oromapas.municipiodelnayar.gob.mx\/wp-content\/uploads\/2025\/08\/2doTrimestre2025\/8%20FRACCION%20-%20VIII_B.xlsx\" target=\"_blank\"><img decoding=\"async\" src=\"https:\/\/oromapas.municipiodelnayar.gob.mx\/wp-content\/uploads\/2025\/09\/Logo_Excel_descargando-removebg-preview.png\" alt=\"Descargar\" width=\"40\" height=\"40\"><\/a><\/td><\/tr>\n      <tr>\n\n<td colspan=\"3\">Ejercicio 2025<\/td>\n\n      <tr><td>Remuneraci\u00f3n Bruta y Neta<\/td><td>Primer Trimestre<\/td><td><a href=\"https:\/\/oromapas.municipiodelnayar.gob.mx\/wp-content\/uploads\/2025\/05\/FRACCION%20-%20VIII_A.xlsx\" target=\"_blank\"><img decoding=\"async\" src=\"https:\/\/oromapas.municipiodelnayar.gob.mx\/wp-content\/uploads\/2025\/09\/Logo_Excel_descargando-removebg-preview.png\" alt=\"Descargar\" width=\"40\" height=\"40\"><\/a><\/td><\/tr>\n      <tr><td>Tabulador de Sueldos y Salarios<\/td><td>Primer Trimestre<\/td><td><a href=\"https:\/\/oromapas.municipiodelnayar.gob.mx\/wp-content\/uploads\/2025\/05\/FRACCION%20-%20VIII_B.xlsx\" target=\"_blank\"><img decoding=\"async\" src=\"https:\/\/oromapas.municipiodelnayar.gob.mx\/wp-content\/uploads\/2025\/09\/Logo_Excel_descargando-removebg-preview.png\" alt=\"Descargar\" width=\"40\" height=\"40\"><\/td><\/tr>\n      <tr><td>Remuneraci\u00f3n Bruta y Neta<\/td><td>Segundo Trimestre<\/td><td><a href=\"https:\/\/oromapas.municipiodelnayar.gob.mx\/wp-content\/uploads\/2025\/05\/FRACCION%20-%20VIII_B.xlsx\" target=\"_blank\"><img decoding=\"async\" src=\"https:\/\/oromapas.municipiodelnayar.gob.mx\/wp-content\/uploads\/2025\/09\/Logo_Excel_descargando-removebg-preview.png\" alt=\"Descargar\" width=\"40\" height=\"40\"><\/a><\/td><\/tr>\n      <tr><td>Tabulador de Sueldos y Salarios<\/td><td>Segundo Trimestre<\/td><td><a href=\"https:\/\/oromapas.municipiodelnayar.gob.mx\/wp-content\/uploads\/2025\/08\/2doTrimestre2025\/8%20FRACCION%20-%20VIII_B.xlsx\" target=\"_blank\"><img decoding=\"async\" src=\"https:\/\/oromapas.municipiodelnayar.gob.mx\/wp-content\/uploads\/2025\/09\/Logo_Excel_descargando-removebg-preview.png\" alt=\"Descargar\" width=\"40\" height=\"40\"><\/a><\/td><\/tr>\n      <tr>\n <tr><td>Remuneraci\u00f3n Bruta y Neta<\/td><td>Tercer Trimestre<\/td> <td>\n<a href=\"https:\/\/oromapas.municipiodelnayar.gob.mx\/wp-content\/uploads\/2025\/11\/Transparencia\/3erTrimestre\/8%20FRACCION%20-%20VIII_A.xlsx\" target=\"_blank\">\n<img decoding=\"async\" src=\"https:\/\/oromapas.municipiodelnayar.gob.mx\/wp-content\/uploads\/2025\/09\/Logo_Excel_descargando-removebg-preview.png\" alt=\"Descargar\" width=\"40\" height=\"40\"><\/a><\/td><\/tr>\n      <tr><td>Tabulador de Sueldos y Salarios<\/td><td>Tercer Trimestre<\/td><td><a href=\"https:\/\/oromapas.municipiodelnayar.gob.mx\/wp-content\/uploads\/2025\/11\/Transparencia\/3erTrimestre\/8%20FRACCION%20-%20VIII_B.xlsx\" target=\"_blank\"><img decoding=\"async\" src=\"https:\/\/oromapas.municipiodelnayar.gob.mx\/wp-content\/uploads\/2025\/09\/Logo_Excel_descargando-removebg-preview.png\" alt=\"Descargar\" width=\"40\" height=\"40\"><\/td><\/tr>\n      <tr><td>Remuneraci\u00f3n Bruta y Neta<\/td><td>Cuarto Trimestre<\/td><td><a href=\"https:\/\/oromapas.municipiodelnayar.gob.mx\/wp-content\/uploads\/2026\/02\/Transparencia\/03\/Fracciones%201er%20Trim\/08%20FRACCION%20-%20VIII_A.xlsx\" target=\"_blank\"><img decoding=\"async\" src=\"https:\/\/oromapas.municipiodelnayar.gob.mx\/wp-content\/uploads\/2025\/09\/Logo_Excel_descargando-removebg-preview.png\" alt=\"Descargar\" width=\"40\" height=\"40\"><\/a><\/td><\/tr>\n      <tr><td>Tabulador de Sueldos y Salarios<\/td><td>Cuarto Trimestre<\/td><td><a href=\"https:\/\/oromapas.municipiodelnayar.gob.mx\/wp-content\/uploads\/2026\/02\/Transparencia\/03\/Fracciones%201er%20Trim\/08%20FRACCION%20-%20VIII_B.xlsx\" target=\"_blank\"><img decoding=\"async\" src=\"https:\/\/oromapas.municipiodelnayar.gob.mx\/wp-content\/uploads\/2025\/09\/Logo_Excel_descargando-removebg-preview.png\" alt=\"Descargar\" width=\"40\" height=\"40\"><\/a><\/td><\/tr>\n      <tr>\n    <\/tbody>\n  <\/table>\n<\/div>\n\n<style>\n.tabla-elegante table {\n  border-collapse: collapse;\n  width: 100%;\n  font-family: Arial, sans-serif;\n  text-align: left;\n  border: 1px solid #ddd;\n}\n\n\/* Encabezado *\/\n.tabla-elegante th {\n  background-color: #007bff; \/* azul *\/\n  color: #ffffff;           \/* texto blanco *\/\n  padding: 10px;\n  text-align: center;\n  font-weight: bold; \n}\n\n\/* Celdas *\/\n.tabla-elegante td {\n  padding: 8px;\n  border: 1px solid #ddd;\n  font-weight: bold;\n  text-align: center;\n  color: #000000; \/* color negro *\/\n}\n\n\/* Filas alternadas *\/\n.tabla-elegante tbody tr:nth-child(odd) {\n  background-color: #ffffff;\n}\n\n.tabla-elegante tbody tr:nth-child(even) {\n  background-color: #ffffff ;\n}\n\n\/* Hover *\/\n.tabla-elegante tbody tr:hover {\n  background-color: #ADD8E6;\n  color: #ffffff; \/* texto blanco al pasar el mouse *\/\n}\n\n\/* Celdas *\/\n.tabla-elegante td {\n  padding: 8px;\n  border: 1px solid #ddd;\n  white-space: nowrap;      \/* mantiene el contenido en una sola l\u00ednea *\/\n}\n\n\/* Tama\u00f1o de columnas *\/\n.tabla-elegante th:nth-child(1),\n.tabla-elegante td:nth-child(1) { width: 50%; }\n.tabla-elegante th:nth-child(2),\n.tabla-elegante td:nth-child(2) { width: 30%; }\n.tabla-elegante th:nth-child(3),\n.tabla-elegante td:nth-child(3) { width: 20%; }\n<\/style><\/div><\/div><style type=\"text\/css\">.fusion-body .fusion-builder-column-2{width:100% !important;margin-top : 0px;margin-bottom : 0px;}.fusion-builder-column-2 > .fusion-column-wrapper {padding-top : 0px !important;padding-right : 0px !important;margin-right : 1.92%;padding-bottom : 0px !important;padding-left : 0px !important;margin-left : 1.92%;}@media only screen and (max-width:1024px) {.fusion-body .fusion-builder-column-2{width:100% !important;order : 0;}.fusion-builder-column-2 > .fusion-column-wrapper {margin-right : 1.92%;margin-left : 1.92%;}}@media only screen and (max-width:640px) {.fusion-body .fusion-builder-column-2{width:100% !important;order : 0;}.fusion-builder-column-2 > .fusion-column-wrapper {margin-right : 1.92%;margin-left : 1.92%;}}<\/style><\/div><style type=\"text\/css\">.fusion-body .fusion-flex-container.fusion-builder-row-2{ padding-top : 0px;margin-top : 0px;padding-right : 0px;padding-bottom : 0px;margin-bottom : 0px;padding-left : 0px;}<\/style><\/div><\/p>\n","protected":false},"excerpt":{"rendered":"","protected":false},"author":11,"featured_media":0,"parent":0,"menu_order":0,"comment_status":"closed","ping_status":"closed","template":"","meta":{"footnotes":""},"class_list":["post-7820","page","type-page","status-publish","hentry"],"_links":{"self":[{"href":"https:\/\/oromapas.municipiodelnayar.gob.mx\/index.php?rest_route=\/wp\/v2\/pages\/7820","targetHints":{"allow":["GET"]}}],"collection":[{"href":"https:\/\/oromapas.municipiodelnayar.gob.mx\/index.php?rest_route=\/wp\/v2\/pages"}],"about":[{"href":"https:\/\/oromapas.municipiodelnayar.gob.mx\/index.php?rest_route=\/wp\/v2\/types\/page"}],"author":[{"embeddable":true,"href":"https:\/\/oromapas.municipiodelnayar.gob.mx\/index.php?rest_route=\/wp\/v2\/users\/11"}],"replies":[{"embeddable":true,"href":"https:\/\/oromapas.municipiodelnayar.gob.mx\/index.php?rest_route=%2Fwp%2Fv2%2Fcomments&post=7820"}],"version-history":[{"count":38,"href":"https:\/\/oromapas.municipiodelnayar.gob.mx\/index.php?rest_route=\/wp\/v2\/pages\/7820\/revisions"}],"predecessor-version":[{"id":9415,"href":"https:\/\/oromapas.municipiodelnayar.gob.mx\/index.php?rest_route=\/wp\/v2\/pages\/7820\/revisions\/9415"}],"wp:attachment":[{"href":"https:\/\/oromapas.municipiodelnayar.gob.mx\/index.php?rest_route=%2Fwp%2Fv2%2Fmedia&parent=7820"}],"curies":[{"name":"wp","href":"https:\/\/api.w.org\/{rel}","templated":true}]}}